{"id":522,"date":"2021-05-30T14:32:22","date_gmt":"2021-05-30T07:32:22","guid":{"rendered":"https:\/\/hdclinic.vn\/?page_id=522"},"modified":"2021-07-17T23:18:15","modified_gmt":"2021-07-17T16:18:15","slug":"lich-kham-benh","status":"publish","type":"page","link":"https:\/\/hdclinic.vn\/?page_id=522","title":{"rendered":"L\u1ecbch kh\u00e1m b\u1ec7nh"},"content":{"rendered":"\n\t<section class=\"section\" id=\"section_271970686\">\n\t\t<div class=\"bg section-bg fill bg-fill  bg-loaded\" >\n\n\t\t\t\n\t\t\t\n\t\t\t\n\n\t\t<\/div>\n\n\t\t<div class=\"section-content relative\">\n\t\t\t\n\n<div class=\"row\"  id=\"row-2126633326\">\n\n\n\t<div id=\"col-2050011918\" class=\"col medium-6 small-12 large-6\"  >\n\t\t<div class=\"col-inner\"  >\n\t\t\t\n\t\t\t\n\n\t<div class=\"img has-hover x md-x lg-x y md-y lg-y\" id=\"image_1312835029\">\n\t\t\t\t\t\t\t\t<div class=\"img-inner dark\" >\n\t\t\t<img decoding=\"async\" width=\"876\" height=\"876\" src=\"https:\/\/hdclinic.vn\/wp-content\/uploads\/2021\/05\/44183209_2428024577214522_1832433812424884224_n.jpg\" class=\"attachment-large size-large\" alt=\"\" srcset=\"https:\/\/hdclinic.vn\/wp-content\/uploads\/2021\/05\/44183209_2428024577214522_1832433812424884224_n.jpg 876w, https:\/\/hdclinic.vn\/wp-content\/uploads\/2021\/05\/44183209_2428024577214522_1832433812424884224_n-100x100.jpg 100w, https:\/\/hdclinic.vn\/wp-content\/uploads\/2021\/05\/44183209_2428024577214522_1832433812424884224_n-510x510.jpg 510w, https:\/\/hdclinic.vn\/wp-content\/uploads\/2021\/05\/44183209_2428024577214522_1832433812424884224_n-300x300.jpg 300w, https:\/\/hdclinic.vn\/wp-content\/uploads\/2021\/05\/44183209_2428024577214522_1832433812424884224_n-150x150.jpg 150w, https:\/\/hdclinic.vn\/wp-content\/uploads\/2021\/05\/44183209_2428024577214522_1832433812424884224_n-768x768.jpg 768w\" sizes=\"(max-width: 876px) 100vw, 876px\" \/>\t\t\t\t\t\t\n\t\t\t\t\t<\/div>\n\t\t\t\t\t\t\t\t\n<style>\n#image_1312835029 {\n  width: 100%;\n}\n<\/style>\n\t<\/div>\n\t\n\n\n\t\t<\/div>\n\t\t\t<\/div>\n\n\t\n\n\t<div id=\"col-1023283687\" class=\"col medium-6 small-12 large-6\"  >\n\t\t<div class=\"col-inner\"  >\n\t\t\t\n\t\t\t\n\n<p style=\"text-align: center;\"><strong>L\u1ecbch kh\u00e1m B\u00e1c s\u0129 cao c\u1ea5p- Chuy\u00ean khoa II Da li\u1ec5u<\/strong><\/p>\n<h1 style=\"text-align: center;\"><span style=\"color: #f99b1c;\"><strong>Nguy\u1ec5n L\u00ea Hoa<\/strong><\/span><\/h1>\n<ul>\n<li>Kh\u00e1m t\u1ea5t c\u1ea3 gi\u1edd h\u00e0nh ch\u00ednh c\u00e1c ng\u00e0y trong tu\u1ea7n t\u1eeb Th\u1ee9 2 \u0111\u1ebfn Th\u1ee9 6 (T\u1eeb 08h00- 16h30)<\/li>\n<li>Kh\u00e1m ngo\u00e0i gi\u1edd Th\u1ee9 2, Th\u1ee9 4, Th\u1ee9 6 (T\u1eeb 16h30-19h30)<\/li>\n<li>Ri\u00eang Ch\u1ee7 Nh\u1eadt kh\u00e1m t\u1eeb 8h00-11h30<\/li>\n<\/ul>\n<p style=\"text-align: center;\">\u0110\u1ec3 \u0111\u1eb7t l\u1ecbch kh\u00e1m qu\u00fd kh\u00e1ch vui l\u00f2ng g\u1ecdi tr\u01b0\u1edbc \u0111\u1ebfn hotline 0989.299.588<\/p>\n\n\t\t<\/div>\n\t\t\t<\/div>\n\n\t\n\n<\/div>\n<div class=\"row\"  id=\"row-1478554940\">\n\n\n\t<div id=\"col-987947299\" class=\"col medium-6 small-12 large-6\"  >\n\t\t<div class=\"col-inner\"  >\n\t\t\t\n\t\t\t\n\n\t<div class=\"img has-hover x md-x lg-x y md-y lg-y\" id=\"image_357336067\">\n\t\t<a class=\"image-lightbox lightbox-gallery\" title=\"\" href=\"https:\/\/hdclinic.vn\/wp-content\/uploads\/2021\/07\/lehuudoanh.jpg\">\t\t\t\t\t\t<div class=\"img-inner image-fade-in dark\" >\n\t\t\t<img decoding=\"async\" width=\"550\" height=\"400\" src=\"https:\/\/hdclinic.vn\/wp-content\/uploads\/2021\/07\/lehuudoanh.jpg\" class=\"attachment-large size-large\" alt=\"\" srcset=\"https:\/\/hdclinic.vn\/wp-content\/uploads\/2021\/07\/lehuudoanh.jpg 550w, https:\/\/hdclinic.vn\/wp-content\/uploads\/2021\/07\/lehuudoanh-300x218.jpg 300w, https:\/\/hdclinic.vn\/wp-content\/uploads\/2021\/07\/lehuudoanh-510x371.jpg 510w\" sizes=\"(max-width: 550px) 100vw, 550px\" \/>\t\t\t\t\t\t\n\t\t\t\t\t<\/div>\n\t\t\t\t\t\t<\/a>\t\t\n<style>\n#image_357336067 {\n  width: 100%;\n}\n<\/style>\n\t<\/div>\n\t\n\n\n\t\t<\/div>\n\t\t\t<\/div>\n\n\t\n\n\t<div id=\"col-2124987866\" class=\"col medium-6 small-12 large-6\"  >\n\t\t<div class=\"col-inner\"  >\n\t\t\t\n\t\t\t\n\n<p style=\"text-align: center;\"><strong>L\u1ecbch kh\u00e1m Ph\u00f3 gi\u00e1o s\u01b0- Ti\u1ebfn s\u0129- B\u00e1c s\u0129<\/strong><\/p>\n<h1 style=\"text-align: center;\"><span style=\"color: #f99b1c;\"><strong>L\u00ea H\u1eefu Doanh<\/strong><\/span><\/h1>\n<ul>\n<li>Ngo\u00e0i gi\u1edd Th\u1ee9 3, Th\u1ee9 5, Th\u1ee9 7 (T\u1eeb 16h30-19h30)<\/li>\n<li>Ri\u00eang Th\u1ee9 7 kh\u00e1m th\u00eam bu\u1ed5i s\u00e1ng t\u1eeb 8h00-11h30<\/li>\n<\/ul>\n<p style=\"text-align: center;\">\u0110\u1ec3 \u0111\u1eb7t l\u1ecbch kh\u00e1m qu\u00fd kh\u00e1ch vui l\u00f2ng g\u1ecdi tr\u01b0\u1edbc \u0111\u1ebfn hotline 0989.299.588<\/p>\n\n\t\t<\/div>\n\t\t\t<\/div>\n\n\t\n\n<\/div>\n\n\t\t<\/div>\n\n\t\t\n<style>\n#section_271970686 {\n  padding-top: 30px;\n  padding-bottom: 30px;\n}\n<\/style>\n\t<\/section>\n\t\n\n","protected":false},"excerpt":{"rendered":"","protected":false},"author":1,"featured_media":0,"parent":0,"menu_order":0,"comment_status":"closed","ping_status":"closed","template":"","meta":{"footnotes":""},"class_list":["post-522","page","type-page","status-publish","hentry"],"jetpack_sharing_enabled":true,"_links":{"self":[{"href":"https:\/\/hdclinic.vn\/index.php?rest_route=\/wp\/v2\/pages\/522","targetHints":{"allow":["GET"]}}],"collection":[{"href":"https:\/\/hdclinic.vn\/index.php?rest_route=\/wp\/v2\/pages"}],"about":[{"href":"https:\/\/hdclinic.vn\/index.php?rest_route=\/wp\/v2\/types\/page"}],"author":[{"embeddable":true,"href":"https:\/\/hdclinic.vn\/index.php?rest_route=\/wp\/v2\/users\/1"}],"replies":[{"embeddable":true,"href":"https:\/\/hdclinic.vn\/index.php?rest_route=%2Fwp%2Fv2%2Fcomments&post=522"}],"version-history":[{"count":0,"href":"https:\/\/hdclinic.vn\/index.php?rest_route=\/wp\/v2\/pages\/522\/revisions"}],"wp:attachment":[{"href":"https:\/\/hdclinic.vn\/index.php?rest_route=%2Fwp%2Fv2%2Fmedia&parent=522"}],"curies":[{"name":"wp","href":"https:\/\/api.w.org\/{rel}","templated":true}]}}