{"id":475,"date":"2021-05-29T01:11:18","date_gmt":"2021-05-28T18:11:18","guid":{"rendered":"https:\/\/hdclinic.vn\/?page_id=475"},"modified":"2021-05-30T14:29:09","modified_gmt":"2021-05-30T07:29:09","slug":"bang-gia-dich-vu","status":"publish","type":"page","link":"https:\/\/hdclinic.vn\/?page_id=475","title":{"rendered":"B\u1ea3ng gi\u00e1 d\u1ecbch v\u1ee5\/PRICE"},"content":{"rendered":"\t<section class=\"section\" id=\"section_1478415285\">\n\t\t<div class=\"bg section-bg fill bg-fill  bg-loaded\" >\n\n\t\t\t\n\t\t\t\n\t\t\t\n\n\t\t<\/div>\n\n\t\t<div class=\"section-content relative\">\n\t\t\t\n  <div id=\"page-header-1589386822\" class=\"page-header-wrapper\">\n  <div class=\"page-title light featured-title has-parallax box-shadow-1\">\n\n    \n    <div class=\"page-title-inner container align-center text-center flex-row-col medium-flex-wrap\" data-parallax-fade=\"true\" data-parallax=\"-5\">\n              <div class=\"title-wrapper uppercase flex-col\">\n          <h1 class=\"entry-title mb-0\">\n            B\u1ea3ng gi\u00e1 d\u1ecbch v\u1ee5\/PRICE          <\/h1>\n        <\/div>\n                    <div class=\"title-content flex-col\">\n        <div class=\"title-breadcrumbs pb-half pt-half\"><nav class=\"woocommerce-breadcrumb breadcrumbs uppercase\">Home<\/nav><\/div>      <\/div>\n    <\/div>\n\n     \n<style>\n#page-header-1589386822 .page-title-inner {\n  min-height: 36px;\n}\n#page-header-1589386822 {\n  margin-bottom: 0px;\n}\n<\/style>\n  <\/div>\n    <\/div>\n  \n<p><a href=\"http:\/\/hdclinic.vn\/wp-content\/uploads\/2021\/05\/Bang-gia-Phong-kham-Laser-Da-lieu-HD.pdf\">B\u1ea3ng gi\u00e1 Ph\u00f2ng kh\u00e1m Laser- Da li\u1ec5u HD<\/a><\/p>\n\t\t<\/div>\n\n\t\t\n<style>\n#section_1478415285 {\n  padding-top: 30px;\n  padding-bottom: 30px;\n}\n<\/style>\n\t<\/section>\n\t\n","protected":false},"excerpt":{"rendered":"","protected":false},"author":1,"featured_media":0,"parent":0,"menu_order":0,"comment_status":"closed","ping_status":"closed","template":"","meta":{"footnotes":""},"class_list":["post-475","page","type-page","status-publish","hentry"],"jetpack_sharing_enabled":true,"_links":{"self":[{"href":"https:\/\/hdclinic.vn\/index.php?rest_route=\/wp\/v2\/pages\/475","targetHints":{"allow":["GET"]}}],"collection":[{"href":"https:\/\/hdclinic.vn\/index.php?rest_route=\/wp\/v2\/pages"}],"about":[{"href":"https:\/\/hdclinic.vn\/index.php?rest_route=\/wp\/v2\/types\/page"}],"author":[{"embeddable":true,"href":"https:\/\/hdclinic.vn\/index.php?rest_route=\/wp\/v2\/users\/1"}],"replies":[{"embeddable":true,"href":"https:\/\/hdclinic.vn\/index.php?rest_route=%2Fwp%2Fv2%2Fcomments&post=475"}],"version-history":[{"count":0,"href":"https:\/\/hdclinic.vn\/index.php?rest_route=\/wp\/v2\/pages\/475\/revisions"}],"wp:attachment":[{"href":"https:\/\/hdclinic.vn\/index.php?rest_route=%2Fwp%2Fv2%2Fmedia&parent=475"}],"curies":[{"name":"wp","href":"https:\/\/api.w.org\/{rel}","templated":true}]}}