{"id":460,"date":"2021-05-29T01:08:32","date_gmt":"2021-05-28T18:08:32","guid":{"rendered":"https:\/\/hdclinic.vn\/?page_id=460"},"modified":"2021-06-03T12:15:59","modified_gmt":"2021-06-03T05:15:59","slug":"blog","status":"publish","type":"page","link":"https:\/\/hdclinic.vn\/?page_id=460","title":{"rendered":"Blog"},"content":{"rendered":"\n  \n    <div class=\"row large-columns-3 medium-columns-1 small-columns-1 slider row-slider slider-nav-reveal slider-nav-push\"  data-flickity-options='{\"imagesLoaded\": true, \"groupCells\": \"100%\", \"dragThreshold\" : 5, \"cellAlign\": \"left\",\"wrapAround\": true,\"prevNextButtons\": true,\"percentPosition\": true,\"pageDots\": false, \"rightToLeft\": false, \"autoPlay\" : false}'>\n\n  \t\t<div class=\"col post-item\" >\n\t\t\t<div class=\"col-inner\">\n\t\t\t<a href=\"https:\/\/hdclinic.vn\/?p=578\" class=\"plain\">\n\t\t\t\t<div class=\"box box-normal box-text-bottom box-blog-post has-hover\">\n            \t\t\t\t\t<div class=\"box-image\" >\n  \t\t\t\t\t\t<div class=\"image-cover\" style=\"padding-top:56.25%;\">\n  \t\t\t\t\t\t\t<img decoding=\"async\" width=\"300\" height=\"300\" src=\"https:\/\/hdclinic.vn\/wp-content\/uploads\/2021\/06\/item-banner-1-1-300x300.png\" class=\"attachment-medium size-medium wp-post-image\" alt=\"\" srcset=\"https:\/\/hdclinic.vn\/wp-content\/uploads\/2021\/06\/item-banner-1-1-300x300.png 300w, https:\/\/hdclinic.vn\/wp-content\/uploads\/2021\/06\/item-banner-1-1-150x150.png 150w, https:\/\/hdclinic.vn\/wp-content\/uploads\/2021\/06\/item-banner-1-1-510x511.png 510w, https:\/\/hdclinic.vn\/wp-content\/uploads\/2021\/06\/item-banner-1-1-100x100.png 100w, https:\/\/hdclinic.vn\/wp-content\/uploads\/2021\/06\/item-banner-1-1.png 705w\" sizes=\"(max-width: 300px) 100vw, 300px\" \/>  \t\t\t\t\t\t\t  \t\t\t\t\t\t\t  \t\t\t\t\t\t<\/div>\n  \t\t\t\t\t\t  \t\t\t\t\t<\/div>\n          \t\t\t\t\t<div class=\"box-text text-center\" >\n\t\t\t\t\t<div class=\"box-text-inner blog-post-inner\">\n\n\t\t\t\t\t\n\t\t\t\t\t\t\t\t\t\t<h5 class=\"post-title is-large \">Tr\u1ebb h\u00f3a da kh\u00f4ng x\u00e2m l\u1ea5n b\u1eb1ng c\u00f4ng ngh\u1ec7 laser 3D, 4D<\/h5>\n\t\t\t\t\t\t\t\t\t\t<div class=\"is-divider\"><\/div>\n\t\t\t\t\t\t\t\t\t\t<p class=\"from_the_blog_excerpt \">B\u1ea1n \u0111ang mu\u1ed1n n\u00e2ng c\u01a1, x\u00f3a nh\u0103n, tr\u1ebb h\u00f3a da do l\u00e3o h\u00f3a m\u00e0 kh\u00f4ng [...]\t\t\t\t\t<\/p>\n\t\t\t\t\t                    \n\t\t\t\t\t\n\t\t\t\t\t\n\t\t\t\t\t<\/div>\n\t\t\t\t\t<\/div>\n\t\t\t\t\t\t\t\t\t\t\t\t\t\t\t\t<div class=\"badge absolute top post-date badge-outline\">\n\t\t\t\t\t\t\t<div class=\"badge-inner\">\n\t\t\t\t\t\t\t\t<span class=\"post-date-day\">03<\/span><br>\n\t\t\t\t\t\t\t\t<span class=\"post-date-month is-xsmall\">Th6<\/span>\n\t\t\t\t\t\t\t<\/div>\n\t\t\t\t\t\t<\/div>\n\t\t\t\t\t\t\t\t\t<\/div>\n\t\t\t\t<\/a>\n\t\t\t<\/div>\n\t\t<\/div>\n\t\t<div class=\"col post-item\" >\n\t\t\t<div class=\"col-inner\">\n\t\t\t<a href=\"https:\/\/hdclinic.vn\/?p=575\" class=\"plain\">\n\t\t\t\t<div class=\"box box-normal box-text-bottom box-blog-post has-hover\">\n            \t\t\t\t\t<div class=\"box-image\" >\n  \t\t\t\t\t\t<div class=\"image-cover\" style=\"padding-top:56.25%;\">\n  \t\t\t\t\t\t\t<img decoding=\"async\" width=\"300\" height=\"168\" src=\"https:\/\/hdclinic.vn\/wp-content\/uploads\/2021\/06\/GettyImages-1149061085_hero-1024x575-1-300x168.jpg\" class=\"attachment-medium size-medium wp-post-image\" alt=\"\" srcset=\"https:\/\/hdclinic.vn\/wp-content\/uploads\/2021\/06\/GettyImages-1149061085_hero-1024x575-1-300x168.jpg 300w, https:\/\/hdclinic.vn\/wp-content\/uploads\/2021\/06\/GettyImages-1149061085_hero-1024x575-1-768x431.jpg 768w, https:\/\/hdclinic.vn\/wp-content\/uploads\/2021\/06\/GettyImages-1149061085_hero-1024x575-1-510x286.jpg 510w, https:\/\/hdclinic.vn\/wp-content\/uploads\/2021\/06\/GettyImages-1149061085_hero-1024x575-1.jpg 1024w\" sizes=\"(max-width: 300px) 100vw, 300px\" \/>  \t\t\t\t\t\t\t  \t\t\t\t\t\t\t  \t\t\t\t\t\t<\/div>\n  \t\t\t\t\t\t  \t\t\t\t\t<\/div>\n          \t\t\t\t\t<div class=\"box-text text-center\" >\n\t\t\t\t\t<div class=\"box-text-inner blog-post-inner\">\n\n\t\t\t\t\t\n\t\t\t\t\t\t\t\t\t\t<h5 class=\"post-title is-large \">IPL l\u00e0 g\u00ec? C\u00e1c \u1ee9ng d\u1ee5ng c\u1ee7a IPL trong da li\u1ec5u<\/h5>\n\t\t\t\t\t\t\t\t\t\t<div class=\"is-divider\"><\/div>\n\t\t\t\t\t\t\t\t\t\t<p class=\"from_the_blog_excerpt \">IPL l\u00e0 g\u00ec? &nbsp;&nbsp;&nbsp;&nbsp;&nbsp;&nbsp;&nbsp;&nbsp;&nbsp; \u00c1nh s\u00e1ng xung c\u01b0\u1eddng \u0111\u1ed9 cao (IPL) l\u00e0 c\u00f4ng ngh\u1ec7 \u0111\u01b0\u1ee3c [...]\t\t\t\t\t<\/p>\n\t\t\t\t\t                    \n\t\t\t\t\t\n\t\t\t\t\t\n\t\t\t\t\t<\/div>\n\t\t\t\t\t<\/div>\n\t\t\t\t\t\t\t\t\t\t\t\t\t\t\t\t<div class=\"badge absolute top post-date badge-outline\">\n\t\t\t\t\t\t\t<div class=\"badge-inner\">\n\t\t\t\t\t\t\t\t<span class=\"post-date-day\">03<\/span><br>\n\t\t\t\t\t\t\t\t<span class=\"post-date-month is-xsmall\">Th6<\/span>\n\t\t\t\t\t\t\t<\/div>\n\t\t\t\t\t\t<\/div>\n\t\t\t\t\t\t\t\t\t<\/div>\n\t\t\t\t<\/a>\n\t\t\t<\/div>\n\t\t<\/div>\n\t\t<div class=\"col post-item\" >\n\t\t\t<div class=\"col-inner\">\n\t\t\t<a href=\"https:\/\/hdclinic.vn\/?p=568\" class=\"plain\">\n\t\t\t\t<div class=\"box box-normal box-text-bottom box-blog-post has-hover\">\n            \t\t\t\t\t<div class=\"box-image\" >\n  \t\t\t\t\t\t<div class=\"image-cover\" style=\"padding-top:56.25%;\">\n  \t\t\t\t\t\t\t<img decoding=\"async\" width=\"300\" height=\"225\" src=\"https:\/\/hdclinic.vn\/wp-content\/uploads\/2021\/06\/gettyimages-200568845-001-300x225.jpg\" class=\"attachment-medium size-medium wp-post-image\" alt=\"\" srcset=\"https:\/\/hdclinic.vn\/wp-content\/uploads\/2021\/06\/gettyimages-200568845-001-300x225.jpg 300w, https:\/\/hdclinic.vn\/wp-content\/uploads\/2021\/06\/gettyimages-200568845-001-1024x768.jpg 1024w, https:\/\/hdclinic.vn\/wp-content\/uploads\/2021\/06\/gettyimages-200568845-001-768x576.jpg 768w, https:\/\/hdclinic.vn\/wp-content\/uploads\/2021\/06\/gettyimages-200568845-001-510x383.jpg 510w, https:\/\/hdclinic.vn\/wp-content\/uploads\/2021\/06\/gettyimages-200568845-001.jpg 1300w\" sizes=\"(max-width: 300px) 100vw, 300px\" \/>  \t\t\t\t\t\t\t  \t\t\t\t\t\t\t  \t\t\t\t\t\t<\/div>\n  \t\t\t\t\t\t  \t\t\t\t\t<\/div>\n          \t\t\t\t\t<div class=\"box-text text-center\" >\n\t\t\t\t\t<div class=\"box-text-inner blog-post-inner\">\n\n\t\t\t\t\t\n\t\t\t\t\t\t\t\t\t\t<h5 class=\"post-title is-large \">T\u00ecm hi\u1ec3u v\u1ec1 kem ch\u1ed1ng n\u1eafng<\/h5>\n\t\t\t\t\t\t\t\t\t\t<div class=\"is-divider\"><\/div>\n\t\t\t\t\t\t\t\t\t\t<p class=\"from_the_blog_excerpt \">V\u00ec sao ph\u1ea3i ch\u1ed1ng n\u1eafng? \u00c1nh s\u00e1ng m\u1eb7t tr\u1eddi mang l\u1ea1i cho ch\u00fang ta r\u1ea5t [...]\t\t\t\t\t<\/p>\n\t\t\t\t\t                    \n\t\t\t\t\t\n\t\t\t\t\t\n\t\t\t\t\t<\/div>\n\t\t\t\t\t<\/div>\n\t\t\t\t\t\t\t\t\t\t\t\t\t\t\t\t<div class=\"badge absolute top post-date badge-outline\">\n\t\t\t\t\t\t\t<div class=\"badge-inner\">\n\t\t\t\t\t\t\t\t<span class=\"post-date-day\">03<\/span><br>\n\t\t\t\t\t\t\t\t<span class=\"post-date-month is-xsmall\">Th6<\/span>\n\t\t\t\t\t\t\t<\/div>\n\t\t\t\t\t\t<\/div>\n\t\t\t\t\t\t\t\t\t<\/div>\n\t\t\t\t<\/a>\n\t\t\t<\/div>\n\t\t<\/div>\n<\/div>\n","protected":false},"excerpt":{"rendered":"","protected":false},"author":1,"featured_media":0,"parent":0,"menu_order":0,"comment_status":"closed","ping_status":"closed","template":"","meta":{"footnotes":""},"class_list":["post-460","page","type-page","status-publish","hentry"],"jetpack_sharing_enabled":true,"_links":{"self":[{"href":"https:\/\/hdclinic.vn\/index.php?rest_route=\/wp\/v2\/pages\/460","targetHints":{"allow":["GET"]}}],"collection":[{"href":"https:\/\/hdclinic.vn\/index.php?rest_route=\/wp\/v2\/pages"}],"about":[{"href":"https:\/\/hdclinic.vn\/index.php?rest_route=\/wp\/v2\/types\/page"}],"author":[{"embeddable":true,"href":"https:\/\/hdclinic.vn\/index.php?rest_route=\/wp\/v2\/users\/1"}],"replies":[{"embeddable":true,"href":"https:\/\/hdclinic.vn\/index.php?rest_route=%2Fwp%2Fv2%2Fcomments&post=460"}],"version-history":[{"count":0,"href":"https:\/\/hdclinic.vn\/index.php?rest_route=\/wp\/v2\/pages\/460\/revisions"}],"wp:attachment":[{"href":"https:\/\/hdclinic.vn\/index.php?rest_route=%2Fwp%2Fv2%2Fmedia&parent=460"}],"curies":[{"name":"wp","href":"https:\/\/api.w.org\/{rel}","templated":true}]}}