{"id":454,"date":"2021-05-29T01:06:01","date_gmt":"2021-05-28T18:06:01","guid":{"rendered":"https:\/\/hdclinic.vn\/?page_id=454"},"modified":"2021-05-29T01:16:16","modified_gmt":"2021-05-28T18:16:16","slug":"gioi-thieu","status":"publish","type":"page","link":"https:\/\/hdclinic.vn\/?page_id=454","title":{"rendered":"Gi\u1edbi thi\u1ec7u"},"content":{"rendered":"<p class=\"font_8\"><img decoding=\"async\" class=\"wp-image-448 aligncenter\" src=\"http:\/\/hdclinic.vn\/wp-content\/uploads\/2021\/05\/cover-page-6-2019-300x114.png\" alt=\"\" width=\"749\" height=\"285\" srcset=\"https:\/\/hdclinic.vn\/wp-content\/uploads\/2021\/05\/cover-page-6-2019-300x114.png 300w, https:\/\/hdclinic.vn\/wp-content\/uploads\/2021\/05\/cover-page-6-2019-510x194.png 510w, https:\/\/hdclinic.vn\/wp-content\/uploads\/2021\/05\/cover-page-6-2019-1024x390.png 1024w, https:\/\/hdclinic.vn\/wp-content\/uploads\/2021\/05\/cover-page-6-2019-768x292.png 768w, https:\/\/hdclinic.vn\/wp-content\/uploads\/2021\/05\/cover-page-6-2019.png 1222w\" sizes=\"(max-width: 749px) 100vw, 749px\" \/><\/p>\n<p class=\"font_8\">Ph\u00f2ng kh\u00e1m Laser- Da li\u1ec5u HD t\u1ecda l\u1ea1c t\u1ea1i s\u1ed1 99 ph\u1ed1 B\u00f9i Th\u1ecb Xu\u00e2n, qu\u1eadn Hai B\u00e0 Tr\u01b0ng, H\u00e0 N\u1ed9i- m\u1ed9t trong nh\u1eefng con ph\u1ed1 s\u1ea7m u\u1ea5t v\u1ec1 cung c\u1ea5p c\u00e1c d\u1ecbch v\u1ee5 th\u1ea9m m\u1ef9 v\u00e0 spa. Nh\u00e2n s\u1ef1 c\u1ee7a ph\u00f2ng kh\u00e1m Laser- Da li\u1ec5u HD \u0111\u01b0\u1ee3c h\u1ed9i t\u1ee5 b\u1edfi c\u00e1c b\u00e1c s\u0129 da li\u1ec5u, \u0111i\u1ec1u d\u01b0\u1ee1ng v\u00e0 k\u0129 thu\u1eadt vi\u00ean c\u00f3 b\u1ec1 d\u00e0y kinh nghi\u1ec7m trong l\u0129nh v\u1ef1c chuy\u00ean khoa Da li\u1ec5u, \u0111\u01b0\u1ee3c \u0111\u00e0o t\u1ea1o b\u00e0i b\u1ea3n t\u1ea1i c\u00e1c tr\u01b0\u1eddng \u0111\u1ea1i h\u1ecdc h\u00e0ng \u0111\u1ea7u trong v\u00e0 ngo\u00e0i n\u01b0\u1edbc v\u00e0 \u0111\u1ec1u c\u00f3 ch\u1ee9ng ch\u1ec9 h\u00e0nh ngh\u1ec1 \u0111\u01b0\u1ee3c B\u1ed9 Y t\u1ebf c\u1ea5p ph\u00e9p.<\/p>\n<p class=\"font_8\">Ph\u00f2ng kh\u00e1m chuy\u00ean v\u1ec1 ch\u1ea9n \u0111o\u00e1n v\u00e0 \u0111i\u1ec1u tr\u1ecb c\u00e1c b\u1ec7nh li\u00ean quan \u0111\u1ebfn da, t\u00f3c, m\u00f3ng v\u00e0 ni\u00eam m\u1ea1c. B\u00ean c\u1ea1nh \u0111\u00f3, vi\u1ec7c \u00e1p d\u1ee5ng c\u00e1c ti\u1ebfn b\u1ed9 khoa h\u1ecdc k\u0129 thu\u1eadt v\u1ec1 c\u00f4ng ngh\u1ec7 Laser ti\u00ean ti\u1ebfn tr\u00ean th\u1ebf gi\u1edbi \u0111\u1ec3 \u00e1p d\u1ee5ng v\u00e0o l\u0129nh v\u1ef1c th\u1ea9m m\u1ef9 da kh\u00f4ng x\u00e2m l\u1ea5n l\u00e0 m\u1ed9t th\u1ebf m\u1ea1nh khi nh\u1eafc t\u1edbi Ph\u00f2ng kh\u00e1m Laser-Da li\u1ec5u HD. Ch\u00fang t\u00f4i cung c\u1ea5p c\u00e1c li\u1ec7u tr\u00ecnh v\u00e0 g\u00f3i li\u1ec7u tr\u00ecnh v\u1ec1 th\u1ea9m m\u1ef9 n\u00e2ng c\u01a1, x\u00f3a nh\u0103n, tr\u1ebb h\u00f3a da, x\u00f3a x\u0103m, r\u00e1m m\u00e1, tri\u1ec7t l\u00f4ng&#8230;b\u1eb1ng c\u00e1c m\u00e1y laser th\u1ebf h\u1ec7 m\u1edbi nh\u01b0 PICO, DYE, DPL, Fotona 4D, Q-Switch, IPL&#8230; v\u1edbi ch\u1ea5t l\u01b0\u1ee3ng \u0111i\u1ec1u tr\u1ecb cao v\u00e0 gi\u00e1 th\u00e0nh h\u1ee3p l\u00fd.<\/p>\n<p class=\"font_8\">\u0110\u1ebfn v\u1edbi Ph\u00f2ng kh\u00e1m Laser- Da li\u1ec5u HD c\u00e1c b\u1ea1n c\u00f3 th\u1ec3 y\u00ean t\u00e2m v\u1ec1 ch\u1ea5t l\u01b0\u1ee3ng \u0111i\u1ec1u tr\u1ecb, ch\u1ea5t l\u01b0\u1ee3ng d\u1ecbch v\u1ee5, gi\u00e1 th\u00e0nh v\u00e0 s\u1ef1 h\u00e0i l\u00f2ng khi s\u1eed d\u1ee5ng d\u1ecbch v\u1ee5.<\/p>\n<p class=\"font_8\">Xin tr\u00e2n tr\u1ecdng c\u1ea3m \u01a1n s\u1ef1 quan t\u00e2m c\u1ee7a qu\u00fd kh\u00e1ch!<\/p>\n","protected":false},"excerpt":{"rendered":"<p>Ph\u00f2ng kh\u00e1m Laser- Da li\u1ec5u HD t\u1ecda l\u1ea1c t\u1ea1i s\u1ed1 99 ph\u1ed1 B\u00f9i Th\u1ecb Xu\u00e2n, qu\u1eadn Hai B\u00e0 Tr\u01b0ng, H\u00e0 N\u1ed9i- m\u1ed9t trong nh\u1eefng con ph\u1ed1 s\u1ea7m u\u1ea5t v\u1ec1 cung c\u1ea5p c\u00e1c d\u1ecbch v\u1ee5 th\u1ea9m m\u1ef9 v\u00e0 spa. Nh\u00e2n s\u1ef1 c\u1ee7a ph\u00f2ng kh\u00e1m Laser- Da li\u1ec5u HD \u0111\u01b0\u1ee3c h\u1ed9i t\u1ee5 b\u1edfi c\u00e1c b\u00e1c s\u0129 da [&#8230;]\n","protected":false},"author":1,"featured_media":0,"parent":0,"menu_order":0,"comment_status":"closed","ping_status":"closed","template":"","meta":{"footnotes":""},"class_list":["post-454","page","type-page","status-publish","hentry"],"jetpack_sharing_enabled":true,"_links":{"self":[{"href":"https:\/\/hdclinic.vn\/index.php?rest_route=\/wp\/v2\/pages\/454","targetHints":{"allow":["GET"]}}],"collection":[{"href":"https:\/\/hdclinic.vn\/index.php?rest_route=\/wp\/v2\/pages"}],"about":[{"href":"https:\/\/hdclinic.vn\/index.php?rest_route=\/wp\/v2\/types\/page"}],"author":[{"embeddable":true,"href":"https:\/\/hdclinic.vn\/index.php?rest_route=\/wp\/v2\/users\/1"}],"replies":[{"embeddable":true,"href":"https:\/\/hdclinic.vn\/index.php?rest_route=%2Fwp%2Fv2%2Fcomments&post=454"}],"version-history":[{"count":0,"href":"https:\/\/hdclinic.vn\/index.php?rest_route=\/wp\/v2\/pages\/454\/revisions"}],"wp:attachment":[{"href":"https:\/\/hdclinic.vn\/index.php?rest_route=%2Fwp%2Fv2%2Fmedia&parent=454"}],"curies":[{"name":"wp","href":"https:\/\/api.w.org\/{rel}","templated":true}]}}